{"id":18898,"date":"2024-02-19T10:08:41","date_gmt":"2024-02-19T09:08:41","guid":{"rendered":"https:\/\/ulmerzelt.de\/?page_id=18898"},"modified":"2024-06-12T10:58:50","modified_gmt":"2024-06-12T08:58:50","slug":"fragen-antworten","status":"publish","type":"page","link":"https:\/\/ulmerzelt.de\/?page_id=18898","title":{"rendered":"Fragen &#038; Antworten"},"content":{"rendered":"<div id=\"pl-18898\"  class=\"panel-layout\" ><div id=\"pg-18898-0\"  class=\"panel-grid panel-has-style\" ><div class=\"siteorigin-panels-stretch panel-row-style panel-row-style-for-18898-0\" id=\"services\" data-stretch-type=\"full\" ><div id=\"pgc-18898-0-0\"  class=\"panel-grid-cell\" ><div id=\"panel-18898-0-0-0\" class=\"so-panel widget widget_sow-headline panel-first-child\" data-index=\"0\" ><div\n\t\t\t\n\t\t\tclass=\"so-widget-sow-headline so-widget-sow-headline-default-d993567b3846-18898 so-widget-fittext-wrapper\"\n\t\t\t data-fit-text-compressor=\"0.85\"\n\t\t><div class=\"sow-headline-container \">\n\t\t\t\t\t\t\t<h1 class=\"sow-headline\">\n\t\t\t\t\t\tFragen &amp; Antworten\t\t\t\t\t\t<\/h1>\n\t\t\t\t\t\t\t\t\t\t\t<div class=\"decoration\">\n\t\t\t\t\t\t<div class=\"decoration-inside\"><\/div>\n\t\t\t\t\t<\/div>\n\t\t\t\t\t<\/div>\n<\/div><\/div><div id=\"panel-18898-0-0-1\" class=\"so-panel widget widget_text panel-last-child\" data-index=\"1\" >\t\t\t<div class=\"textwidget\"><style type=\"text\/css\"><\/style><section id='' \n                class='helpie-faq accordions faq-toggle groupSettings-275__enabled' \n                data-collection='' \n                data-pagination='0' \n                data-search='0' \n                data-pagination-enabled='0'\n                role='region'\n                aria-label='FAQ Section'\n                aria-live='polite'><form class=\"search\" onSubmit=\"return false;\"><div class=\"search__wrapper\"><input type=\"text\" class=\"search__input\" aria-label=\"Search\" placeholder=\"Nach einem Begriff suchen\"><span class=\"search__icon\"><svg class=\"svg-icon--search\" role=\"img\" xmlns=\"http:\/\/www.w3.org\/2000\/svg\" viewBox=\"0 0 22 22\">\r\n                        <g fill=\"none\" stroke=\"#171717\">\r\n                            <path stroke-linecap=\"square\" stroke-width=\"2\" d=\"M18.5 18.3l-5.4-5.4\"\/>\r\n                            <circle cx=\"8\" cy=\"8\" r=\"7\" stroke-width=\"2\"\/>\r\n                        <\/g>\r\n                    <\/svg><\/span><\/div><div class=\"search__message\"><\/div><\/form><article class=\"accordion \"><div class='helpie-faq-row'><div class='helpie-faq-col helpie-faq-col-12' ><ul><li class=\"accordion__item \"><div class=\"accordion__header \" \r\n                id=\"accordion-header-post-17789\"\r\n                role=\"button\"\r\n                aria-expanded=\"false\"\r\n                aria-controls=\"accordion-content-post-17789\"\r\n                data-id=\"post-17789\" \r\n                data-item=\"hfaq-post-17789\" \r\n                style=\"background:transparent;\" \r\n                data-tags=\"\"\r\n                tabindex=\"0\"><div class=\"accordion__title\">Abendkasse<\/div><\/div><div id=\"accordion-content-post-17789\" \r\n                class=\"accordion__body\" \r\n                role=\"region\"\r\n                aria-labelledby=\"accordion-header-post-17789\"\r\n                style=\"background:transparent;\"><p>Unsere Abendkasse mit Vorverkauf hat an Veranstaltungstagen von 19.00 \u2013 20.30 Uhr ge\u00f6ffnet (bei Veranstaltungsbeginn vor 20.00 Uhr eine Stunde vor Beginn)<\/p>\n<\/div><\/li><li class=\"accordion__item \"><div class=\"accordion__header \" \r\n                id=\"accordion-header-post-17793\"\r\n                role=\"button\"\r\n                aria-expanded=\"false\"\r\n                aria-controls=\"accordion-content-post-17793\"\r\n                data-id=\"post-17793\" \r\n                data-item=\"hfaq-post-17793\" \r\n                style=\"background:transparent;\" \r\n                data-tags=\"\"\r\n                tabindex=\"0\"><div class=\"accordion__title\">Einlass<\/div><\/div><div id=\"accordion-content-post-17793\" \r\n                class=\"accordion__body\" \r\n                role=\"region\"\r\n                aria-labelledby=\"accordion-header-post-17793\"\r\n                style=\"background:transparent;\"><p>Beim Einlass zum kostenpflichtigen Hauptprogramm werden Einlassb\u00e4ndel kontrolliert, diese B\u00e4ndel sind vorab an der B\u00e4ndelh\u00fctte gegen Vorlage der Eintrittskarte pers\u00f6nlich abzuholen.<\/p>\n<p><strong>Der Einlass ist in der Regel 30 Minuten vor Veranstaltungsbeginn\u00a0<\/strong><\/p>\n<\/div><\/li><li class=\"accordion__item \"><div class=\"accordion__header \" \r\n                id=\"accordion-header-post-18953\"\r\n                role=\"button\"\r\n                aria-expanded=\"false\"\r\n                aria-controls=\"accordion-content-post-18953\"\r\n                data-id=\"post-18953\" \r\n                data-item=\"hfaq-post-18953\" \r\n                style=\"background:transparent;\" \r\n                data-tags=\"\"\r\n                tabindex=\"0\"><div class=\"accordion__title\">Essen &amp; Trinken im Hauptzelt<\/div><\/div><div id=\"accordion-content-post-18953\" \r\n                class=\"accordion__body\" \r\n                role=\"region\"\r\n                aria-labelledby=\"accordion-header-post-18953\"\r\n                style=\"background:transparent;\"><p>Essen im Hauptzelt ist grunds\u00e4tzlich verboten, Getr\u00e4nke k\u00f6nnen mitgenommen werden. In Ausnahmef\u00e4llen kann die Mitnahme von Gl\u00e4sern und Glasflaschen in die Veranstaltung untersagt werden. Beachten Sie bitte die Hinweise am Veranstaltungsabend.<\/p>\n<\/div><\/li><li class=\"accordion__item \"><div class=\"accordion__header \" \r\n                id=\"accordion-header-post-18960\"\r\n                role=\"button\"\r\n                aria-expanded=\"false\"\r\n                aria-controls=\"accordion-content-post-18960\"\r\n                data-id=\"post-18960\" \r\n                data-item=\"hfaq-post-18960\" \r\n                style=\"background:transparent;\" \r\n                data-tags=\"\"\r\n                tabindex=\"0\"><div class=\"accordion__title\">Flohm\u00e4rkte<\/div><\/div><div id=\"accordion-content-post-18960\" \r\n                class=\"accordion__body\" \r\n                role=\"region\"\r\n                aria-labelledby=\"accordion-header-post-18960\"\r\n                style=\"background:transparent;\"><p>Unsere traditionellen <a href=\"https:\/\/ulmerzelt.de\/?page_id=5870\">Flohm\u00e4rkte<\/a> am <strong>Samstag, 30. Mai und 20. Juni 2026<\/strong>, finden jeweils von 08 \u2013 16 Uhr f\u00fcr Besucher statt. Aufbaubeginn ist ab 5:30 Uhr, die Standgeb\u00fchr inklusive KFZ-Stellplatz betr\u00e4gt 7\u20ac\/Meter. Der n\u00e4chste Kinderflohmarkt findet am <strong>Donnerstag, 4. Juni 2026 <\/strong>statt.<\/p>\n<p>F\u00fcr alle Flom\u00e4rkte ist keine Anmeldung m\u00f6glich\/n\u00f6tig.<\/p>\n<\/div><\/li><li class=\"accordion__item \"><div class=\"accordion__header \" \r\n                id=\"accordion-header-post-32418\"\r\n                role=\"button\"\r\n                aria-expanded=\"false\"\r\n                aria-controls=\"accordion-content-post-32418\"\r\n                data-id=\"post-32418\" \r\n                data-item=\"hfaq-post-32418\" \r\n                style=\"background:transparent;\" \r\n                data-tags=\"\"\r\n                tabindex=\"0\"><div class=\"accordion__title\">Fundsachen<\/div><\/div><div id=\"accordion-content-post-32418\" \r\n                class=\"accordion__body\" \r\n                role=\"region\"\r\n                aria-labelledby=\"accordion-header-post-32418\"\r\n                style=\"background:transparent;\"><p>Wer etwas verloren hat, kann sich tags\u00fcber im wei\u00dfen Gastrozelt erkundigen. Alles, was sp\u00e4ter gefunden wird, sammeln wir zentral \u2013 Anfragen dazu bitte per Mail an <a href=\"mailto:info@ulmerzelt.de\">info@ulmerzelt.de<\/a>.<\/p>\n<\/div><\/li><li class=\"accordion__item \"><div class=\"accordion__header \" \r\n                id=\"accordion-header-post-24321\"\r\n                role=\"button\"\r\n                aria-expanded=\"false\"\r\n                aria-controls=\"accordion-content-post-24321\"\r\n                data-id=\"post-24321\" \r\n                data-item=\"hfaq-post-24321\" \r\n                style=\"background:transparent;\" \r\n                data-tags=\"\"\r\n                tabindex=\"0\"><div class=\"accordion__title\">Garderobe<\/div><\/div><div id=\"accordion-content-post-24321\" \r\n                class=\"accordion__body\" \r\n                role=\"region\"\r\n                aria-labelledby=\"accordion-header-post-24321\"\r\n                style=\"background:transparent;\">\r\n<p>Bei uns am Platz gibt es keine Garderobe.<\/p>\r\n<\/div><\/li><li class=\"accordion__item \"><div class=\"accordion__header \" \r\n                id=\"accordion-header-post-18937\"\r\n                role=\"button\"\r\n                aria-expanded=\"false\"\r\n                aria-controls=\"accordion-content-post-18937\"\r\n                data-id=\"post-18937\" \r\n                data-item=\"hfaq-post-18937\" \r\n                style=\"background:transparent;\" \r\n                data-tags=\"\"\r\n                tabindex=\"0\"><div class=\"accordion__title\">Gastronomie<\/div><\/div><div id=\"accordion-content-post-18937\" \r\n                class=\"accordion__body\" \r\n                role=\"region\"\r\n                aria-labelledby=\"accordion-header-post-18937\"\r\n                style=\"background:transparent;\"><p>Unser Biergarten mit den Essensst\u00e4nden hat an jedem Veranstaltungstag ge\u00f6ffnet. Informationen zu den jeweiligen \u00d6ffnungszeit gibt es <a href=\"https:\/\/ulmerzelt.de\/?page_id=4830\">hier<\/a><\/p>\n<\/div><\/li><li class=\"accordion__item \"><div class=\"accordion__header \" \r\n                id=\"accordion-header-post-17791\"\r\n                role=\"button\"\r\n                aria-expanded=\"false\"\r\n                aria-controls=\"accordion-content-post-17791\"\r\n                data-id=\"post-17791\" \r\n                data-item=\"hfaq-post-17791\" \r\n                style=\"background:transparent;\" \r\n                data-tags=\"\"\r\n                tabindex=\"0\"><div class=\"accordion__title\">Gutscheine<\/div><\/div><div id=\"accordion-content-post-17791\" \r\n                class=\"accordion__body\" \r\n                role=\"region\"\r\n                aria-labelledby=\"accordion-header-post-17791\"\r\n                style=\"background:transparent;\"><p>Unsere Ticketgutscheine sind w\u00e4hrend der Spielzeit an unseren <a href=\"https:\/\/ulmerzelt.de\/?page_id=6184\">VVK-Stellen<\/a> und das ganze Jahr im Internet unter <a href=\"https:\/\/ulmerzelt.online-ticket.de\/vouchertypes\/show\/1?affiliate=faq\" target=\"_blank\" rel=\"noopener\">ulmerzelt.online-ticket.de<\/a>\u00a0verf\u00fcgbar.<\/p>\n<\/div><\/li><li class=\"accordion__item \"><div class=\"accordion__header \" \r\n                id=\"accordion-header-post-18963\"\r\n                role=\"button\"\r\n                aria-expanded=\"false\"\r\n                aria-controls=\"accordion-content-post-18963\"\r\n                data-id=\"post-18963\" \r\n                data-item=\"hfaq-post-18963\" \r\n                style=\"background:transparent;\" \r\n                data-tags=\"\"\r\n                tabindex=\"0\"><div class=\"accordion__title\">Jugendschutz<\/div><\/div><div id=\"accordion-content-post-18963\" \r\n                class=\"accordion__body\" \r\n                role=\"region\"\r\n                aria-labelledby=\"accordion-header-post-18963\"\r\n                style=\"background:transparent;\"><h3><mark class=\"has-inline-color\">Beim Jugendschutz gilt grunds\u00e4tzlich<\/mark><\/h3>\n<p><strong>Unter 6 Jahre:<\/strong> grunds\u00e4tzlich ist der Besuch von Konzerten nicht erlaubt. Ausgenommen sind Konzerte im Kinderprogramm.<\/p>\n<p><strong>6-14 Jahre:<\/strong>\u00a0Konzertbesuch nur in Begleitung einer sorgeberechtigten\/ erziehungsbeauftragten Person.<\/p>\n<p><strong>14-18 Jahre:<\/strong>\u00a0Konzertbesuch bis 24 Uhr m\u00f6glich ohne Erziehungsbeauftragten.<\/p>\n<h3 class=\"wp-block-heading\"><mark class=\"has-inline-color\">Der Jugendschutz im Detail<\/mark><\/h3>\n<p>Kinder d\u00fcrfen unsere Konzerte grunds\u00e4tzlich ab dem Alter von\u00a0<strong>6 Jahren <\/strong>besuchen. F\u00fcr Kinderveranstaltungen gelten gesonderte Beschr\u00e4nkungen.<\/p>\n<p><strong>Kinder (6-14 Jahre)<\/strong>\u00a0d\u00fcrfen auf Konzerte nur in Begleitung einer personensorgeberechtigten (Elternteil) besuchen. In jedem Fall ist es zwingend notwendig einen amtlichen Lichtbildausweis mit sich zu f\u00fchren (keinen Sch\u00fclerausweis oder \u00e4hnliches!).<\/p>\n<p>Kinder sind Personen unter 14 Jahren, Jugendliche sind Personen zwischen 14 und 18 Jahren. Personensorgeberechtigte Personen sind Mutter und\/oder Vater oder der Vormund.<\/p>\n<p>Pop- und andere Musikkonzerte fallen in den Bereich der k\u00fcnstlerischen Bet\u00e4tigung und gelten nicht als Tanzveranstaltungen. Daher greifen die zeitlichen Beschr\u00e4nkungen f\u00fcr Disco-Besuche hier nicht und Jugendliche\u00a0<strong>zwischen 14 und 18 Jahren<\/strong>\u00a0d\u00fcrfen ein Konzert bis 24 Uhr ohne Erziehungsbeauftragten besuchen. In Ausnahmef\u00e4llen kann eine \u00c4nderung dieser Regelung allerdings beh\u00f6rdlich angeordnet werden, in diesen F\u00e4llen weisen wir explizit darauf hin.<\/p>\n<p><strong>F\u00fcr alle Altersstufen wird ein angemessener Geh\u00f6rschutz dringend empfohlen!<\/strong><\/p>\n<\/div><\/li><li class=\"accordion__item \"><div class=\"accordion__header \" \r\n                id=\"accordion-header-post-17811\"\r\n                role=\"button\"\r\n                aria-expanded=\"false\"\r\n                aria-controls=\"accordion-content-post-17811\"\r\n                data-id=\"post-17811\" \r\n                data-item=\"hfaq-post-17811\" \r\n                style=\"background:transparent;\" \r\n                data-tags=\"\"\r\n                tabindex=\"0\"><div class=\"accordion__title\">Kartenr\u00fccknahme \/ Ausfall einer Veranstaltung<\/div><\/div><div id=\"accordion-content-post-17811\" \r\n                class=\"accordion__body\" \r\n                role=\"region\"\r\n                aria-labelledby=\"accordion-header-post-17811\"\r\n                style=\"background:transparent;\"><p>Karten werden nicht zur\u00fcckgenommen. Nur wenn die Veranstaltung ausf\u00e4llt, werden die Eintrittskarten bis zu zwei Wochen nach dem Veranstaltungstermin zur\u00fcckgenommen. Anfallende Bearbeitungsgeb\u00fchren werden nicht zur\u00fcckerstattet.<\/p>\n<\/div><\/li><li class=\"accordion__item \"><div class=\"accordion__header \" \r\n                id=\"accordion-header-post-17798\"\r\n                role=\"button\"\r\n                aria-expanded=\"false\"\r\n                aria-controls=\"accordion-content-post-17798\"\r\n                data-id=\"post-17798\" \r\n                data-item=\"hfaq-post-17798\" \r\n                style=\"background:transparent;\" \r\n                data-tags=\"\"\r\n                tabindex=\"0\"><div class=\"accordion__title\">Menschen mit Behinderung<\/div><\/div><div id=\"accordion-content-post-17798\" \r\n                class=\"accordion__body\" \r\n                role=\"region\"\r\n                aria-labelledby=\"accordion-header-post-17798\"\r\n                style=\"background:transparent;\"><p><b>Gibt es barrierefreie Toiletten auf dem Gel\u00e4nde?<br \/>\n<\/b><b><\/b>Ja, auf dem Gel\u00e4nde des Ulmer Zelts steht eine barrierefreie Toilette zur Verf\u00fcgung. Sie befindet sich in unmittelbarer N\u00e4he der regul\u00e4ren Toiletten und ist w\u00e4hrend der Veranstaltungszeiten ge\u00f6ffnet.<\/p>\n<p><b>Erhalten Begleitpersonen von Menschen mit Behinderung freien Eintritt?<br \/>\n<\/b><b><\/b>Begleitpersonen von Menschen mit Behinderung erhalten eine Freikarte an der Abendkasse, sofern der Behindertenausweis ein \u201cB\u201d f\u00fcr die notwendige Begleitperson ausweist. Die jeweilige Regelung zum Einlass und gegebenenfalls gesonderte Bereiche werden ebenfalls an der Abendkasse bekanntgegeben.<\/p>\n<\/div><\/li><li class=\"accordion__item \"><div class=\"accordion__header \" \r\n                id=\"accordion-header-post-17795\"\r\n                role=\"button\"\r\n                aria-expanded=\"false\"\r\n                aria-controls=\"accordion-content-post-17795\"\r\n                data-id=\"post-17795\" \r\n                data-item=\"hfaq-post-17795\" \r\n                style=\"background:transparent;\" \r\n                data-tags=\"\"\r\n                tabindex=\"0\"><div class=\"accordion__title\">Rauchen<\/div><\/div><div id=\"accordion-content-post-17795\" \r\n                class=\"accordion__body\" \r\n                role=\"region\"\r\n                aria-labelledby=\"accordion-header-post-17795\"\r\n                style=\"background:transparent;\"><p>Das Rauchen ist im Zelt nicht gestattet. Bitte werft die Kippen auf dem Gel\u00e4nde in die daf\u00fcr vorgesehenen Beh\u00e4lter \u2013 Vielen Dank!<\/p>\n<\/div><\/li><li class=\"accordion__item \"><div class=\"accordion__header \" \r\n                id=\"accordion-header-post-18927\"\r\n                role=\"button\"\r\n                aria-expanded=\"false\"\r\n                aria-controls=\"accordion-content-post-18927\"\r\n                data-id=\"post-18927\" \r\n                data-item=\"hfaq-post-18927\" \r\n                style=\"background:transparent;\" \r\n                data-tags=\"\"\r\n                tabindex=\"0\"><div class=\"accordion__title\">Vorverkauf<\/div><\/div><div id=\"accordion-content-post-18927\" \r\n                class=\"accordion__body\" \r\n                role=\"region\"\r\n                aria-labelledby=\"accordion-header-post-18927\"\r\n                style=\"background:transparent;\"><p>Alle Informationen zum Vorverkauf gibt es <a href=\"https:\/\/ulmerzelt.de\/?page_id=6184\">hier<\/a><\/p>\n<\/div><\/li><\/ul><\/div><\/div><\/article><\/section>\n<\/div>\n\t\t<\/div><\/div><\/div><\/div><\/div>","protected":false},"excerpt":{"rendered":"<p>Fragen &amp; Antworten AbendkasseUnsere Abendkasse mit Vorverkauf hat an Veranstaltungstagen von 19.00 \u2013 20.30 Uhr ge\u00f6ffnet (bei Veranstaltungsbeginn vor 20.00 Uhr eine Stunde vor Beginn) EinlassBeim Einlass zum kostenpflichtigen Hauptprogramm werden Einlassb\u00e4ndel kontrolliert, diese B\u00e4ndel sind vorab an der B\u00e4ndelh\u00fctte gegen Vorlage der Eintrittskarte pers\u00f6nlich abzuholen. Der Einlass ist in der Regel 30 Minuten vor &hellip;<\/p>\n<p class=\"read-more\"> <a class=\"ast-button\" href=\"https:\/\/ulmerzelt.de\/?page_id=18898\"> <span class=\"screen-reader-text\">Fragen &#038; Antworten<\/span> Read More \u00bb<\/a><\/p>\n","protected":false},"author":2,"featured_media":0,"parent":0,"menu_order":0,"comment_status":"closed","ping_status":"closed","template":"","meta":{"site-sidebar-layout":"default","site-content-layout":"page-builder","ast-global-header-display":"","ast-main-header-display":"","ast-hfb-above-header-display":"","ast-hfb-below-header-display":"","ast-hfb-mobile-header-display":"","site-post-title":"disabled","ast-breadcrumbs-content":"","ast-featured-img":"disabled","footer-sml-layout":"","theme-transparent-header-meta":"default","adv-header-id-meta":"","stick-header-meta":"default","header-above-stick-meta":"","header-main-stick-meta":"","header-below-stick-meta":"","ngg_post_thumbnail":0,"footnotes":""},"class_list":["post-18898","page","type-page","status-publish","hentry"],"jetpack_sharing_enabled":true,"_links":{"self":[{"href":"https:\/\/ulmerzelt.de\/index.php?rest_route=\/wp\/v2\/pages\/18898","targetHints":{"allow":["GET"]}}],"collection":[{"href":"https:\/\/ulmerzelt.de\/index.php?rest_route=\/wp\/v2\/pages"}],"about":[{"href":"https:\/\/ulmerzelt.de\/index.php?rest_route=\/wp\/v2\/types\/page"}],"author":[{"embeddable":true,"href":"https:\/\/ulmerzelt.de\/index.php?rest_route=\/wp\/v2\/users\/2"}],"replies":[{"embeddable":true,"href":"https:\/\/ulmerzelt.de\/index.php?rest_route=%2Fwp%2Fv2%2Fcomments&post=18898"}],"version-history":[{"count":3,"href":"https:\/\/ulmerzelt.de\/index.php?rest_route=\/wp\/v2\/pages\/18898\/revisions"}],"predecessor-version":[{"id":35207,"href":"https:\/\/ulmerzelt.de\/index.php?rest_route=\/wp\/v2\/pages\/18898\/revisions\/35207"}],"wp:attachment":[{"href":"https:\/\/ulmerzelt.de\/index.php?rest_route=%2Fwp%2Fv2%2Fmedia&parent=18898"}],"curies":[{"name":"wp","href":"https:\/\/api.w.org\/{rel}","templated":true}]}}