{"id":5577,"date":"2022-04-03T17:32:17","date_gmt":"2022-04-03T15:32:17","guid":{"rendered":"http:\/\/wordpress.ulmerzelt.de\/?page_id=5577"},"modified":"2026-01-14T16:50:55","modified_gmt":"2026-01-14T15:50:55","slug":"zeltlounge","status":"publish","type":"page","link":"https:\/\/ulmerzelt.de\/?page_id=5577","title":{"rendered":"Zeltlounge"},"content":{"rendered":"<div id=\"pl-5577\"  class=\"panel-layout\" ><div id=\"pg-5577-0\"  class=\"panel-grid panel-has-style\" ><div class=\"siteorigin-panels-stretch panel-row-style panel-row-style-for-5577-0\" data-stretch-type=\"full-width-stretch\" ><div id=\"pgc-5577-0-0\"  class=\"panel-grid-cell\" ><div id=\"panel-5577-0-0-0\" class=\"so-panel widget widget_sow-hero panel-first-child panel-last-child\" data-index=\"0\" ><div\n\t\t\t\n\t\t\tclass=\"so-widget-sow-hero so-widget-sow-hero-default-9709b6f914b2-5577 so-widget-fittext-wrapper\"\n\t\t\t data-fit-text-compressor=\"0.85\"\n\t\t>\t\t\t\t<div class=\"sow-slider-base\" style=\"display: none\" tabindex=\"0\">\n\t\t\t\t\t<ul\n\t\t\t\t\tclass=\"sow-slider-images\"\n\t\t\t\t\tdata-settings=\"{&quot;pagination&quot;:true,&quot;speed&quot;:800,&quot;timeout&quot;:8000,&quot;paused&quot;:false,&quot;pause_on_hover&quot;:false,&quot;swipe&quot;:true,&quot;nav_always_show_desktop&quot;:&quot;&quot;,&quot;nav_always_show_mobile&quot;:&quot;&quot;,&quot;breakpoint&quot;:&quot;780px&quot;,&quot;unmute&quot;:false,&quot;anchor&quot;:null}\"\n\t\t\t\t\tstyle=\"min-height: 400px\"\t\t\t\t\tdata-anchor-id=\"\"\n\t\t\t\t>\t\t<li class=\"sow-slider-image  sow-slider-image-cover\" style=\"visibility: visible;;background-color: #333333\" >\n\t\t\t\t\t<div class=\"sow-slider-image-container\">\n\t\t\t<div class=\"sow-slider-image-wrapper\">\n\t\t\t\t<h2 style=\"text-align: center\">zeltlounge<\/h2>\n<p style=\"text-align: center\">Regionale K\u00fcnstlerinnen und K\u00fcnstler<\/p>\t\t\t<\/div>\n\t\t<\/div>\n\t\t<div class=\"sow-slider-image-overlay sow-slider-image-cover\" style=\"opacity: 0.5;background-image: url(https:\/\/ulmerzelt.de\/wp-content\/uploads\/2022\/04\/65686577_2708511932510944_2087065329434886144_n.jpg)\"  ><\/div>\t\t<\/li>\n\t\t<\/ul>\t\t\t\t<ol class=\"sow-slider-pagination\">\n\t\t\t\t\t\t\t\t\t\t\t<li><a href=\"#\" data-goto=\"0\" aria-label=\"Display slide 1\"><\/a><\/li>\n\t\t\t\t\t\t\t\t\t<\/ol>\n\n\t\t\t\t<div class=\"sow-slide-nav sow-slide-nav-next\">\n\t\t\t\t\t<a href=\"#\" data-goto=\"next\" aria-label=\"Next slide\" data-action=\"next\">\n\t\t\t\t\t\t<em class=\"sow-sld-icon-thin-right\"><\/em>\n\t\t\t\t\t<\/a>\n\t\t\t\t<\/div>\n\n\t\t\t\t<div class=\"sow-slide-nav sow-slide-nav-prev\">\n\t\t\t\t\t<a href=\"#\" data-goto=\"previous\" aria-label=\"Previous slide\" data-action=\"prev\">\n\t\t\t\t\t\t<em class=\"sow-sld-icon-thin-left\"><\/em>\n\t\t\t\t\t<\/a>\n\t\t\t\t<\/div>\n\t\t\t\t<\/div><\/div><\/div><\/div><\/div><\/div><div id=\"pg-5577-1\"  class=\"panel-grid panel-has-style\" ><div class=\"panel-row-style panel-row-style-for-5577-1\" ><div id=\"pgc-5577-1-0\"  class=\"panel-grid-cell\" ><div id=\"panel-5577-1-0-0\" class=\"so-panel widget widget_text panel-first-child panel-last-child\" data-index=\"1\" ><h3 class=\"widget-title\">Termine<\/h3>\t\t\t<div class=\"textwidget\"><div class=\"mec-wrap mec-skin-list-container  \" id=\"mec_skin_5605\">\r\n\r\n    \r\n            <div class=\"mec-skin-list-events-container\" id=\"mec_skin_events_5605\">\r\n        <div class=\"mec-wrap colorskin-custom\">\r\n\t<div class=\"mec-event-list-classic\">\r\n\t\t\r\n                        <div class=\"mec-month-divider\" data-toggle-divider=\"mec-toggle-202605-5605\"><h5 style=\"display: inline;\">Mai 2026<\/h5><i class=\"mec-sl-arrow-down\"><\/i><\/div>\r\n            \r\n                        <article class=\"mec-event-article  mec-clear mec-label-custom mec-divider-toggle mec-toggle-202605-5605\" itemscope>\r\n                                                        <div class=\"mec-event-image\"><a class=\"mec-color-hover\" data-event-id=\"41024\" href=\"https:\/\/ulmerzelt.de\/?mec-events=serotonia\" target=\"_blank\" rel=\"noopener\"><img loading=\"lazy\" decoding=\"async\" width=\"600\" height=\"600\" src=\"https:\/\/ulmerzelt.de\/wp-content\/uploads\/2026\/03\/Serotonia_06_Moritz_Reulein-600x600.jpg\" class=\"attachment-thumbnail size-thumbnail wp-post-image\" alt=\"\" data-mec-postid=\"41024\" \/><\/a><\/div>\r\n                                            <div class=\"mec-event-date mec-color\"><i class=\"mec-sl-calendar\"><\/i> <span class=\"mec-start-date-label\">Mai 23 2026<\/span><\/div>\r\n                        <div class=\"mec-event-time mec-color\"><i class=\"mec-sl-clock\"><\/i><div class=\"mec-time-details\"><span class=\"mec-start-time\">18:00<\/span> - <span class=\"mec-end-time\">19:00<\/span><\/div><\/div>\r\n                                        <span class=\"mec-event-label-captions \" style=\"--background-color: #5fad00;background-color: #5fad00\">Kostenlos<\/span>                                        <h4 class=\"mec-event-title\"><a class=\"mec-color-hover\" data-event-id=\"41024\" href=\"https:\/\/ulmerzelt.de\/?mec-events=serotonia\" target=\"_blank\" rel=\"noopener\">Serotonia<\/a><\/h4>\r\n                                                                                                                                                    <\/article>\r\n            \t\t\r\n            \r\n                        <article class=\"mec-event-article  mec-clear mec-label-custom mec-divider-toggle mec-toggle-202605-5605\" itemscope>\r\n                                                        <div class=\"mec-event-image\"><a class=\"mec-color-hover\" data-event-id=\"41060\" href=\"https:\/\/ulmerzelt.de\/?mec-events=dogbrother\" target=\"_blank\" rel=\"noopener\"><img loading=\"lazy\" decoding=\"async\" width=\"600\" height=\"600\" src=\"https:\/\/ulmerzelt.de\/wp-content\/uploads\/2026\/03\/L1060793-600x600.jpg\" class=\"attachment-thumbnail size-thumbnail wp-post-image\" alt=\"\" data-mec-postid=\"41060\" \/><\/a><\/div>\r\n                                            <div class=\"mec-event-date mec-color\"><i class=\"mec-sl-calendar\"><\/i> <span class=\"mec-start-date-label\">Mai 24 2026<\/span><\/div>\r\n                        <div class=\"mec-event-time mec-color\"><i class=\"mec-sl-clock\"><\/i><div class=\"mec-time-details\"><span class=\"mec-start-time\">11:30<\/span> - <span class=\"mec-end-time\">13:00<\/span><\/div><\/div>\r\n                                        <span class=\"mec-event-label-captions \" style=\"--background-color: #5fad00;background-color: #5fad00\">Kostenlos<\/span>                                        <h4 class=\"mec-event-title\"><a class=\"mec-color-hover\" data-event-id=\"41060\" href=\"https:\/\/ulmerzelt.de\/?mec-events=dogbrother\" target=\"_blank\" rel=\"noopener\">Dogbr\u00f8ther<\/a><\/h4>\r\n                                                                                                                                                    <\/article>\r\n            \t\t\r\n            \r\n                        <article class=\"mec-event-article  mec-clear mec-label-custom mec-divider-toggle mec-toggle-202605-5605\" itemscope>\r\n                                                        <div class=\"mec-event-image\"><a class=\"mec-color-hover\" data-event-id=\"40995\" href=\"https:\/\/ulmerzelt.de\/?mec-events=vielleicht-wendy\" target=\"_blank\" rel=\"noopener\"><img loading=\"lazy\" decoding=\"async\" width=\"600\" height=\"600\" src=\"https:\/\/ulmerzelt.de\/wp-content\/uploads\/2026\/03\/Vielleicht-Wendy_Foto2-scaled-e1774546458359-600x600.jpg\" class=\"attachment-thumbnail size-thumbnail wp-post-image\" alt=\"\" data-mec-postid=\"40995\" \/><\/a><\/div>\r\n                                            <div class=\"mec-event-date mec-color\"><i class=\"mec-sl-calendar\"><\/i> <span class=\"mec-start-date-label\">Mai 25 2026<\/span><\/div>\r\n                        <div class=\"mec-event-time mec-color\"><i class=\"mec-sl-clock\"><\/i><div class=\"mec-time-details\"><span class=\"mec-start-time\">11:30<\/span> - <span class=\"mec-end-time\">13:00<\/span><\/div><\/div>\r\n                                        <span class=\"mec-event-label-captions \" style=\"--background-color: #5fad00;background-color: #5fad00\">Kostenlos<\/span>                                        <h4 class=\"mec-event-title\"><a class=\"mec-color-hover\" data-event-id=\"40995\" href=\"https:\/\/ulmerzelt.de\/?mec-events=vielleicht-wendy\" target=\"_blank\" rel=\"noopener\">Vielleicht Wendy<\/a><\/h4>\r\n                                                                                                                                                    <\/article>\r\n            \t\t\r\n            \r\n                        <article class=\"mec-event-article  mec-clear mec-label-custom mec-divider-toggle mec-toggle-202605-5605\" itemscope>\r\n                                                        <div class=\"mec-event-image\"><a class=\"mec-color-hover\" data-event-id=\"40970\" href=\"https:\/\/ulmerzelt.de\/?mec-events=the-echobay\" target=\"_blank\" rel=\"noopener\"><img loading=\"lazy\" decoding=\"async\" width=\"600\" height=\"600\" src=\"https:\/\/ulmerzelt.de\/wp-content\/uploads\/2026\/03\/01-Presskit_Foto-600x600.jpg\" class=\"attachment-thumbnail size-thumbnail wp-post-image\" alt=\"\" data-mec-postid=\"40970\" \/><\/a><\/div>\r\n                                            <div class=\"mec-event-date mec-color\"><i class=\"mec-sl-calendar\"><\/i> <span class=\"mec-start-date-label\">Mai 30 2026<\/span><\/div>\r\n                        <div class=\"mec-event-time mec-color\"><i class=\"mec-sl-clock\"><\/i><div class=\"mec-time-details\"><span class=\"mec-start-time\">18:00<\/span> - <span class=\"mec-end-time\">19:30<\/span><\/div><\/div>\r\n                                        <span class=\"mec-event-label-captions \" style=\"--background-color: #5fad00;background-color: #5fad00\">Kostenlos<\/span>                                        <h4 class=\"mec-event-title\"><a class=\"mec-color-hover\" data-event-id=\"40970\" href=\"https:\/\/ulmerzelt.de\/?mec-events=the-echobay\" target=\"_blank\" rel=\"noopener\">The Echobay<\/a><\/h4>\r\n                                                                                                                                                    <\/article>\r\n            \t\t\r\n            \r\n                        <article class=\"mec-event-article  mec-clear mec-label-custom mec-divider-toggle mec-toggle-202605-5605\" itemscope>\r\n                                                        <div class=\"mec-event-image\"><a class=\"mec-color-hover\" data-event-id=\"41005\" href=\"https:\/\/ulmerzelt.de\/?mec-events=freemangroup\" target=\"_blank\" rel=\"noopener\"><img loading=\"lazy\" decoding=\"async\" width=\"290\" height=\"192\" src=\"https:\/\/ulmerzelt.de\/wp-content\/uploads\/2026\/03\/Freeman-6.jpg\" class=\"attachment-thumbnail size-thumbnail wp-post-image\" alt=\"\" data-mec-postid=\"41005\" \/><\/a><\/div>\r\n                                            <div class=\"mec-event-date mec-color\"><i class=\"mec-sl-calendar\"><\/i> <span class=\"mec-start-date-label\">Mai 31 2026<\/span><\/div>\r\n                        <div class=\"mec-event-time mec-color\"><i class=\"mec-sl-clock\"><\/i><div class=\"mec-time-details\"><span class=\"mec-start-time\">11:30<\/span> - <span class=\"mec-end-time\">13:00<\/span><\/div><\/div>\r\n                                        <span class=\"mec-event-label-captions \" style=\"--background-color: #5fad00;background-color: #5fad00\">Kostenlos<\/span>                                        <h4 class=\"mec-event-title\"><a class=\"mec-color-hover\" data-event-id=\"41005\" href=\"https:\/\/ulmerzelt.de\/?mec-events=freemangroup\" target=\"_blank\" rel=\"noopener\">freemangroup<\/a><\/h4>\r\n                                                                                                                                                    <\/article>\r\n            \t\t\r\n                        <div class=\"mec-month-divider\" data-toggle-divider=\"mec-toggle-202606-5605\"><h5 style=\"display: inline;\">Juni 2026<\/h5><i class=\"mec-sl-arrow-down\"><\/i><\/div>\r\n            \r\n                        <article class=\"mec-event-article  mec-clear mec-label-custom mec-divider-toggle mec-toggle-202606-5605\" itemscope>\r\n                                                        <div class=\"mec-event-image\"><a class=\"mec-color-hover\" data-event-id=\"40950\" href=\"https:\/\/ulmerzelt.de\/?mec-events=doctor-blues\" target=\"_blank\" rel=\"noopener\"><img loading=\"lazy\" decoding=\"async\" width=\"600\" height=\"600\" src=\"https:\/\/ulmerzelt.de\/wp-content\/uploads\/2026\/03\/Doctor-Blues-Promofoto-1-600x600.jpg\" class=\"attachment-thumbnail size-thumbnail wp-post-image\" alt=\"\" data-mec-postid=\"40950\" \/><\/a><\/div>\r\n                                            <div class=\"mec-event-date mec-color\"><i class=\"mec-sl-calendar\"><\/i> <span class=\"mec-start-date-label\">Juni 04 2026<\/span><\/div>\r\n                        <div class=\"mec-event-time mec-color\"><i class=\"mec-sl-clock\"><\/i><div class=\"mec-time-details\"><span class=\"mec-start-time\">18:00<\/span> - <span class=\"mec-end-time\">19:30<\/span><\/div><\/div>\r\n                                        <span class=\"mec-event-label-captions \" style=\"--background-color: #5fad00;background-color: #5fad00\">Kostenlos<\/span>                                        <h4 class=\"mec-event-title\"><a class=\"mec-color-hover\" data-event-id=\"40950\" href=\"https:\/\/ulmerzelt.de\/?mec-events=doctor-blues\" target=\"_blank\" rel=\"noopener\">Doctor Blues<\/a><\/h4>\r\n                                                                                                                                                    <\/article>\r\n            \t\t\r\n            \r\n                        <article class=\"mec-event-article  mec-clear mec-label-custom mec-divider-toggle mec-toggle-202606-5605\" itemscope>\r\n                                                        <div class=\"mec-event-image\"><a class=\"mec-color-hover\" data-event-id=\"40940\" href=\"https:\/\/ulmerzelt.de\/?mec-events=snail-charmers\" target=\"_blank\" rel=\"noopener\"><img loading=\"lazy\" decoding=\"async\" width=\"600\" height=\"600\" src=\"https:\/\/ulmerzelt.de\/wp-content\/uploads\/2026\/03\/snail_charmers_064_1-600x600.jpg\" class=\"attachment-thumbnail size-thumbnail wp-post-image\" alt=\"\" data-mec-postid=\"40940\" \/><\/a><\/div>\r\n                                            <div class=\"mec-event-date mec-color\"><i class=\"mec-sl-calendar\"><\/i> <span class=\"mec-start-date-label\">Juni 06 2026<\/span><\/div>\r\n                        <div class=\"mec-event-time mec-color\"><i class=\"mec-sl-clock\"><\/i><div class=\"mec-time-details\"><span class=\"mec-start-time\">18:00<\/span> - <span class=\"mec-end-time\">19:30<\/span><\/div><\/div>\r\n                                        <span class=\"mec-event-label-captions \" style=\"--background-color: #5fad00;background-color: #5fad00\">Kostenlos<\/span>                                        <h4 class=\"mec-event-title\"><a class=\"mec-color-hover\" data-event-id=\"40940\" href=\"https:\/\/ulmerzelt.de\/?mec-events=snail-charmers\" target=\"_blank\" rel=\"noopener\">Snail Charmers<\/a><\/h4>\r\n                                                                                                                                                    <\/article>\r\n            \t\t\r\n            \r\n                        <article class=\"mec-event-article  mec-clear mec-label-custom mec-divider-toggle mec-toggle-202606-5605\" itemscope>\r\n                                                        <div class=\"mec-event-image\"><a class=\"mec-color-hover\" data-event-id=\"41014\" href=\"https:\/\/ulmerzelt.de\/?mec-events=brennenstuhl\" target=\"_blank\" rel=\"noopener\"><img loading=\"lazy\" decoding=\"async\" width=\"600\" height=\"600\" src=\"https:\/\/ulmerzelt.de\/wp-content\/uploads\/2026\/03\/18_brennenstuhl-01356_HighRes1-scaled-1-600x600.jpg\" class=\"attachment-thumbnail size-thumbnail wp-post-image\" alt=\"\" data-mec-postid=\"41014\" \/><\/a><\/div>\r\n                                            <div class=\"mec-event-date mec-color\"><i class=\"mec-sl-calendar\"><\/i> <span class=\"mec-start-date-label\">Juni 07 2026<\/span><\/div>\r\n                        <div class=\"mec-event-time mec-color\"><i class=\"mec-sl-clock\"><\/i><div class=\"mec-time-details\"><span class=\"mec-start-time\">11:30<\/span> - <span class=\"mec-end-time\">13:00<\/span><\/div><\/div>\r\n                                        <span class=\"mec-event-label-captions \" style=\"--background-color: #5fad00;background-color: #5fad00\">Kostenlos<\/span>                                        <h4 class=\"mec-event-title\"><a class=\"mec-color-hover\" data-event-id=\"41014\" href=\"https:\/\/ulmerzelt.de\/?mec-events=brennenstuhl\" target=\"_blank\" rel=\"noopener\">brennenstuhl<\/a><\/h4>\r\n                                                                                                                                                    <\/article>\r\n            \t\t\r\n            \r\n                        <article class=\"mec-event-article  mec-clear mec-label-custom mec-divider-toggle mec-toggle-202606-5605\" itemscope>\r\n                                                        <div class=\"mec-event-image\"><a class=\"mec-color-hover\" data-event-id=\"41050\" href=\"https:\/\/ulmerzelt.de\/?mec-events=willo\" target=\"_blank\" rel=\"noopener\"><img loading=\"lazy\" decoding=\"async\" width=\"600\" height=\"600\" src=\"https:\/\/ulmerzelt.de\/wp-content\/uploads\/2026\/03\/Bandfoto2024_Willo-600x600.png\" class=\"attachment-thumbnail size-thumbnail wp-post-image\" alt=\"\" data-mec-postid=\"41050\" \/><\/a><\/div>\r\n                                            <div class=\"mec-event-date mec-color\"><i class=\"mec-sl-calendar\"><\/i> <span class=\"mec-start-date-label\">Juni 13 2026<\/span><\/div>\r\n                        <div class=\"mec-event-time mec-color\"><i class=\"mec-sl-clock\"><\/i><div class=\"mec-time-details\"><span class=\"mec-start-time\">18:00<\/span> - <span class=\"mec-end-time\">19:30<\/span><\/div><\/div>\r\n                                        <span class=\"mec-event-label-captions \" style=\"--background-color: #5fad00;background-color: #5fad00\">Kostenlos<\/span>                                        <h4 class=\"mec-event-title\"><a class=\"mec-color-hover\" data-event-id=\"41050\" href=\"https:\/\/ulmerzelt.de\/?mec-events=willo\" target=\"_blank\" rel=\"noopener\">Willo<\/a><\/h4>\r\n                                                                                                                                                    <\/article>\r\n            \t\t\r\n            \r\n                        <article class=\"mec-event-article  mec-clear mec-label-custom mec-divider-toggle mec-toggle-202606-5605\" itemscope>\r\n                                                        <div class=\"mec-event-image\"><a class=\"mec-color-hover\" data-event-id=\"40930\" href=\"https:\/\/ulmerzelt.de\/?mec-events=check-chill\" target=\"_blank\" rel=\"noopener\"><img loading=\"lazy\" decoding=\"async\" width=\"600\" height=\"600\" src=\"https:\/\/ulmerzelt.de\/wp-content\/uploads\/2026\/03\/Foto-13.11.25-22-46-57-600x600.jpg\" class=\"attachment-thumbnail size-thumbnail wp-post-image\" alt=\"\" data-mec-postid=\"40930\" \/><\/a><\/div>\r\n                                            <div class=\"mec-event-date mec-color\"><i class=\"mec-sl-calendar\"><\/i> <span class=\"mec-start-date-label\">Juni 14 2026<\/span><\/div>\r\n                        <div class=\"mec-event-time mec-color\"><i class=\"mec-sl-clock\"><\/i><div class=\"mec-time-details\"><span class=\"mec-start-time\">11:00<\/span> - <span class=\"mec-end-time\">13:00<\/span><\/div><\/div>\r\n                                        <span class=\"mec-event-label-captions \" style=\"--background-color: #5fad00;background-color: #5fad00\">Kostenlos<\/span>                                        <h4 class=\"mec-event-title\"><a class=\"mec-color-hover\" data-event-id=\"40930\" href=\"https:\/\/ulmerzelt.de\/?mec-events=check-chill\" target=\"_blank\" rel=\"noopener\">Check &amp; Chill<\/a><\/h4>\r\n                                                                                                                                                    <\/article>\r\n            \t\t\r\n            \r\n                        <article class=\"mec-event-article  mec-clear mec-label-custom mec-divider-toggle mec-toggle-202606-5605\" itemscope>\r\n                                                        <div class=\"mec-event-image\"><a class=\"mec-color-hover\" data-event-id=\"40921\" href=\"https:\/\/ulmerzelt.de\/?mec-events=evil-mama\" target=\"_blank\" rel=\"noopener\"><img loading=\"lazy\" decoding=\"async\" width=\"600\" height=\"600\" src=\"https:\/\/ulmerzelt.de\/wp-content\/uploads\/2026\/03\/evilmama-600x600.jpg\" class=\"attachment-thumbnail size-thumbnail wp-post-image\" alt=\"\" data-mec-postid=\"40921\" \/><\/a><\/div>\r\n                                            <div class=\"mec-event-date mec-color\"><i class=\"mec-sl-calendar\"><\/i> <span class=\"mec-start-date-label\">Juni 20 2026<\/span><\/div>\r\n                        <div class=\"mec-event-time mec-color\"><i class=\"mec-sl-clock\"><\/i><div class=\"mec-time-details\"><span class=\"mec-start-time\">18:00<\/span> - <span class=\"mec-end-time\">19:30<\/span><\/div><\/div>\r\n                                        <span class=\"mec-event-label-captions \" style=\"--background-color: #5fad00;background-color: #5fad00\">Kostenlos<\/span>                                        <h4 class=\"mec-event-title\"><a class=\"mec-color-hover\" data-event-id=\"40921\" href=\"https:\/\/ulmerzelt.de\/?mec-events=evil-mama\" target=\"_blank\" rel=\"noopener\">Evil Mama<\/a><\/h4>\r\n                                                                                                                                                    <\/article>\r\n            \t\t\r\n            \r\n                        <article class=\"mec-event-article  mec-clear mec-label-custom mec-divider-toggle mec-toggle-202606-5605\" itemscope>\r\n                                                        <div class=\"mec-event-image\"><a class=\"mec-color-hover\" data-event-id=\"40960\" href=\"https:\/\/ulmerzelt.de\/?mec-events=jazz-in-time\" target=\"_blank\" rel=\"noopener\"><img loading=\"lazy\" decoding=\"async\" width=\"600\" height=\"600\" src=\"https:\/\/ulmerzelt.de\/wp-content\/uploads\/2026\/03\/jazz-in-time-Bandfoto-600x600.jpg\" class=\"attachment-thumbnail size-thumbnail wp-post-image\" alt=\"\" data-mec-postid=\"40960\" \/><\/a><\/div>\r\n                                            <div class=\"mec-event-date mec-color\"><i class=\"mec-sl-calendar\"><\/i> <span class=\"mec-start-date-label\">Juni 21 2026<\/span><\/div>\r\n                        <div class=\"mec-event-time mec-color\"><i class=\"mec-sl-clock\"><\/i><div class=\"mec-time-details\"><span class=\"mec-start-time\">11:30<\/span> - <span class=\"mec-end-time\">13:00<\/span><\/div><\/div>\r\n                                        <span class=\"mec-event-label-captions \" style=\"--background-color: #5fad00;background-color: #5fad00\">Kostenlos<\/span>                                        <h4 class=\"mec-event-title\"><a class=\"mec-color-hover\" data-event-id=\"40960\" href=\"https:\/\/ulmerzelt.de\/?mec-events=jazz-in-time\" target=\"_blank\" rel=\"noopener\">JAZZ IN TIME<\/a><\/h4>\r\n                                                                                                                                                    <\/article>\r\n            \t\t\t<\/div>\r\n<\/div>\r\n\r\n    <\/div>\r\n    <div class=\"mec-skin-list-no-events-container mec-util-hidden\" id=\"mec_skin_no_events_5605\">\r\n        Keine Veranstaltung gefunden    <\/div>\r\n    \r\n    <div class=\"mec-load-more-wrap\"><\/div>\r\n<\/div>\r\n\n<\/div>\n\t\t<\/div><\/div><\/div><\/div><div id=\"pg-5577-2\"  class=\"panel-grid panel-has-style\" ><div class=\"panel-row-style panel-row-style-for-5577-2\" ><div id=\"pgc-5577-2-0\"  class=\"panel-grid-cell\" ><div id=\"panel-5577-2-0-0\" class=\"so-panel widget widget_text panel-first-child panel-last-child\" data-index=\"2\" ><h3 class=\"widget-title\">Hinweis f\u00fcr alle Interessierten<\/h3>\t\t\t<div class=\"textwidget\"><p>Der Bewerbungszeitraum f\u00fcr Zeltlounge-Bands f\u00fcr die jeweils kommende Spielzeit beginnt immer im Herbst. Dann gibt es ein Online-Formular geben, \u00fcber das man sich unkompliziert eintragen kann.<\/p>\n<p>Die Auswahl der teilnehmenden Gruppen erfolgt nach Weihnachten \u2013 also bitte etwas Geduld mitbringen.<\/p>\n<p>Wer keine Neuigkeiten verpassen m\u00f6chte, kann sich auf der Startseite f\u00fcr unseren <a href=\"https:\/\/ulmerzelt.de\/\">Newsletter<\/a>\u00a0anmelden oder uns auf Social Media folgen. Dort gibt\u2019s alle Infos direkt, sobald es losgeht!<\/p>\n<p>Wir freuen uns immer auf viele spannende Bewerbungen!<\/p>\n<\/div>\n\t\t<\/div><\/div><\/div><\/div><\/div>","protected":false},"excerpt":{"rendered":"<p>zeltlounge Regionale K\u00fcnstlerinnen und K\u00fcnstler Termine Mai 2026 Mai 23 2026 18:00 &#8211; 19:00 Kostenlos Serotonia Mai 24 2026 11:30 &#8211; 13:00 Kostenlos Dogbr\u00f8ther Mai 25 2026 11:30 &#8211; 13:00 Kostenlos Vielleicht Wendy Mai 30 2026 18:00 &#8211; 19:30 Kostenlos The Echobay Mai 31 2026 11:30 &#8211; 13:00 Kostenlos freemangroup Juni 2026 Juni 04 2026 &hellip;<\/p>\n<p class=\"read-more\"> <a class=\"ast-button\" href=\"https:\/\/ulmerzelt.de\/?page_id=5577\"> <span class=\"screen-reader-text\">Zeltlounge<\/span> Read More \u00bb<\/a><\/p>\n","protected":false},"author":2,"featured_media":0,"parent":0,"menu_order":0,"comment_status":"closed","ping_status":"closed","template":"","meta":{"site-sidebar-layout":"default","site-content-layout":"page-builder","ast-global-header-display":"","ast-main-header-display":"","ast-hfb-above-header-display":"","ast-hfb-below-header-display":"","ast-hfb-mobile-header-display":"","site-post-title":"disabled","ast-breadcrumbs-content":"","ast-featured-img":"disabled","footer-sml-layout":"","theme-transparent-header-meta":"default","adv-header-id-meta":"","stick-header-meta":"default","header-above-stick-meta":"","header-main-stick-meta":"","header-below-stick-meta":"","ngg_post_thumbnail":0,"footnotes":""},"class_list":["post-5577","page","type-page","status-publish","hentry"],"jetpack_sharing_enabled":true,"_links":{"self":[{"href":"https:\/\/ulmerzelt.de\/index.php?rest_route=\/wp\/v2\/pages\/5577","targetHints":{"allow":["GET"]}}],"collection":[{"href":"https:\/\/ulmerzelt.de\/index.php?rest_route=\/wp\/v2\/pages"}],"about":[{"href":"https:\/\/ulmerzelt.de\/index.php?rest_route=\/wp\/v2\/types\/page"}],"author":[{"embeddable":true,"href":"https:\/\/ulmerzelt.de\/index.php?rest_route=\/wp\/v2\/users\/2"}],"replies":[{"embeddable":true,"href":"https:\/\/ulmerzelt.de\/index.php?rest_route=%2Fwp%2Fv2%2Fcomments&post=5577"}],"version-history":[{"count":5,"href":"https:\/\/ulmerzelt.de\/index.php?rest_route=\/wp\/v2\/pages\/5577\/revisions"}],"predecessor-version":[{"id":39525,"href":"https:\/\/ulmerzelt.de\/index.php?rest_route=\/wp\/v2\/pages\/5577\/revisions\/39525"}],"wp:attachment":[{"href":"https:\/\/ulmerzelt.de\/index.php?rest_route=%2Fwp%2Fv2%2Fmedia&parent=5577"}],"curies":[{"name":"wp","href":"https:\/\/api.w.org\/{rel}","templated":true}]}}