{"id":5870,"date":"2022-04-11T12:41:45","date_gmt":"2022-04-11T10:41:45","guid":{"rendered":"http:\/\/wordpress.ulmerzelt.de\/?page_id=5870"},"modified":"2025-06-20T15:38:42","modified_gmt":"2025-06-20T13:38:42","slug":"flohmaerkte","status":"publish","type":"page","link":"https:\/\/ulmerzelt.de\/?page_id=5870","title":{"rendered":"Flohm\u00e4rkte"},"content":{"rendered":"<div id=\"pl-5870\"  class=\"panel-layout\" ><div id=\"pg-5870-0\"  class=\"panel-grid panel-has-style\" ><div class=\"siteorigin-panels-stretch panel-row-style panel-row-style-for-5870-0\" data-stretch-type=\"full-width-stretch\" ><div id=\"pgc-5870-0-0\"  class=\"panel-grid-cell\" ><div id=\"panel-5870-0-0-0\" class=\"so-panel widget widget_sow-hero panel-first-child panel-last-child\" data-index=\"0\" ><div\n\t\t\t\n\t\t\tclass=\"so-widget-sow-hero so-widget-sow-hero-default-d34b969a1242-5870 so-widget-fittext-wrapper\"\n\t\t\t data-fit-text-compressor=\"0.85\"\n\t\t>\t\t\t\t<div class=\"sow-slider-base\" style=\"display: none\" tabindex=\"0\">\n\t\t\t\t\t<ul\n\t\t\t\t\tclass=\"sow-slider-images\"\n\t\t\t\t\tdata-settings=\"{&quot;pagination&quot;:true,&quot;speed&quot;:800,&quot;timeout&quot;:8000,&quot;paused&quot;:false,&quot;pause_on_hover&quot;:false,&quot;swipe&quot;:true,&quot;nav_always_show_desktop&quot;:&quot;&quot;,&quot;nav_always_show_mobile&quot;:&quot;&quot;,&quot;breakpoint&quot;:&quot;780px&quot;,&quot;unmute&quot;:false,&quot;anchor&quot;:null}\"\n\t\t\t\t\tstyle=\"min-height: 400px\"\t\t\t\t\tdata-anchor-id=\"\"\n\t\t\t\t>\t\t<li class=\"sow-slider-image  sow-slider-image-cover\" style=\"visibility: visible;;background-color: #333333\" >\n\t\t\t\t\t<div class=\"sow-slider-image-container\">\n\t\t\t<div class=\"sow-slider-image-wrapper\">\n\t\t\t\t<h1 style=\"text-align: center\">FLOHM\u00c4RKTE<\/h1>\n<h6 style=\"text-align: center\">Samstag, 30. Mai und 20. Juni 2026<br \/>\nKinderflohmarkt am Donnerstag, 4. Juni 2026<\/h6>\n\t\t\t<\/div>\n\t\t<\/div>\n\t\t<div class=\"sow-slider-image-overlay sow-slider-image-cover\" style=\"opacity: 0.5;background-image: url(https:\/\/ulmerzelt.de\/wp-content\/uploads\/2022\/04\/uz-17-0602-Luftbilder-00013_Flohmarkt_c-Daniel-M.-Grafberger_Reproskope-Bad-Mergentheim.jpg)\"  ><\/div>\t\t<\/li>\n\t\t<\/ul>\t\t\t\t<ol class=\"sow-slider-pagination\">\n\t\t\t\t\t\t\t\t\t\t\t<li><a href=\"#\" data-goto=\"0\" aria-label=\"Display slide 1\"><\/a><\/li>\n\t\t\t\t\t\t\t\t\t<\/ol>\n\n\t\t\t\t<div class=\"sow-slide-nav sow-slide-nav-next\">\n\t\t\t\t\t<a href=\"#\" data-goto=\"next\" aria-label=\"Next slide\" data-action=\"next\">\n\t\t\t\t\t\t<em class=\"sow-sld-icon-thin-right\"><\/em>\n\t\t\t\t\t<\/a>\n\t\t\t\t<\/div>\n\n\t\t\t\t<div class=\"sow-slide-nav sow-slide-nav-prev\">\n\t\t\t\t\t<a href=\"#\" data-goto=\"previous\" aria-label=\"Previous slide\" data-action=\"prev\">\n\t\t\t\t\t\t<em class=\"sow-sld-icon-thin-left\"><\/em>\n\t\t\t\t\t<\/a>\n\t\t\t\t<\/div>\n\t\t\t\t<\/div><\/div><\/div><\/div><\/div><\/div><div id=\"pg-5870-1\"  class=\"panel-grid panel-has-style\" ><div class=\"siteorigin-panels-stretch panel-row-style panel-row-style-for-5870-1\" id=\"services\" data-stretch-type=\"full\" ><div id=\"pgc-5870-1-0\"  class=\"panel-grid-cell\" ><div id=\"panel-5870-1-0-0\" class=\"so-panel widget widget_text panel-first-child\" data-index=\"1\" ><h3 class=\"widget-title\">Unsere traditionellen Flohm\u00e4rkte finden jeweils von 08:00 bis 16:00 Uhr statt. Der Aufbau beginnt ab 5:30 Uhr. Die Standgeb\u00fchr betr\u00e4gt 7\u20ac\/Meter und beinhaltet einen KFZ-Stellplatz. Eine Anmeldung ist nicht erforderlich und es gibt keine Alternativtermine.<\/h3>\t\t\t<div class=\"textwidget\"><div class=\"page\" title=\"Page 2\">\n<div class=\"layoutArea\">\n<div class=\"column\">\n<p class=\"p1\">Sollten die Wetterbedingungen zu schlecht sein, informieren wir euch \u00fcber eine Absage einen Tag vor dem Flohmarkt bis sp\u00e4testens 15 Uhr. Bei Fragen schreibt uns gerne an <a href=\"mailto:flohmarkt@ulmerzelt.de\">flohmarkt@ulmerzelt.de<\/a><\/p>\n<ol>\n<li>Der Flohmarkt richtet sich an Privatpersonen, gewerbliche Anbieter sind nicht erw\u00fcnscht (zahlen das Doppelte an Standgeb\u00fchren)<\/li>\n<li>Standgeb\u00fchr 7 Euro\/Meter (Gewerbliche Anbieter zahlen 14 Euro\/Meter)<\/li>\n<li>Nicht erlaubt sind:\n<ol>\n<li>Waffen sowie Munition, Pyrotechnik<\/li>\n<li>Pornographie<\/li>\n<li>Angebote mit Nazi-Emblemen<\/li>\n<li>Artikel mit rassistischem oder gewaltverherrlichendem Inhalt<\/li>\n<li>Neuware<\/li>\n<li>Lebendige Tiere<\/li>\n<li>Raubkopien<\/li>\n<\/ol>\n<\/li>\n<li>Der Verkauf von Speisen und Getr\u00e4nken obliegt dem ulmerzelt<\/li>\n<li>Aufbau ab 05:30 Uhr, Anfahrt am vorherigen Tag und das Abstellen des Fahrzeuges auf dem Flohmarkgel\u00e4nde sowie \u00dcbernachtungen sind nicht erlaubt<\/li>\n<li>Der Platz muss sauber hinterlassen werden und M\u00fcll wieder mitgenommen werden<\/li>\n<li>Anweisungen des Ordnungspersonals ist Folge zu leisten<\/li>\n<li>Der Veranstalter haftet weder f\u00fcr Personen- noch Sachsch\u00e4den<\/li>\n<li>Das Betreiben von Stromaggregaten und Grills ist verboten<\/li>\n<li>Das Verteilen von Flyern ist nicht gestattet<\/li>\n<li>Wer die Marktordnung oder Teile davon missachtet, kann vom Veranstaltungsgel\u00e4nde verwiesen werden<\/li>\n<\/ol>\n<\/div>\n<\/div>\n<\/div>\n<\/div>\n\t\t<\/div><div id=\"panel-5870-1-0-1\" class=\"so-panel widget widget_text panel-last-child\" data-index=\"2\" ><h3 class=\"widget-title\">Kinderflohmarkt &#8211; Von Kindern f\u00fcr Kinder (nat\u00fcrlich auch in Begleitung Erwachsener)<\/h3>\t\t\t<div class=\"textwidget\"><p class=\"p1\"><b>Der n\u00e4chste Kinderflohmarkt findet am Donnerstag, 4. Juni 2026 von 10 bis 16 Uhr statt.<\/b><br \/>\nAuf der Kinderspielwiese beim Ulmer Zelt und rundherum darf wieder gest\u00f6bert, gehandelt und verkauft werden. Die Zufahrt zum Platz ist ab 9 Uhr ge\u00f6ffnet \u2013 bitte nicht fr\u00fcher kommen! Ein kleiner Handkarren oder Wagen hilft, um alles bequem vom Parkplatz zur Wiese zu bringen.<\/p>\n<p class=\"p1\">Der Flohmarkt ist f\u00fcr Kinder gedacht: Verkauft werden sollen Sachen <span class=\"s1\"><b>von Kindern f\u00fcr Kinder<\/b><\/span>, nat\u00fcrlich gerne mit Unterst\u00fctzung von Erwachsenen. Wir verlangen weder Pfand noch Standgeb\u00fchr \u2013 daf\u00fcr freuen wir uns \u00fcber einen sauber hinterlassenen Platz.<\/p>\n<p class=\"p1\"><b>Viel Spa\u00df und viel Erfolg beim Verkaufen und Tauschen!<\/b><\/p>\n<\/div>\n\t\t<\/div><\/div><\/div><\/div><\/div>","protected":false},"excerpt":{"rendered":"<p>Sollten die Wetterbedingungen zu schlecht sein, informieren wir euch \u00fcber eine Absage einen Tag vor dem Flohmarkt bis sp\u00e4testens 15 Uhr. Bei Fragen schreibt uns gerne an flohmarkt@ulmerzelt.de Der Flohmarkt richtet sich an Privatpersonen, gewerbliche Anbieter sind nicht erw\u00fcnscht (zahlen das Doppelte an Standgeb\u00fchren) Standgeb\u00fchr 7 Euro\/Meter (Gewerbliche Anbieter zahlen 14 Euro\/Meter) Nicht erlaubt sind: &hellip;<\/p>\n<p class=\"read-more\"> <a class=\"ast-button\" href=\"https:\/\/ulmerzelt.de\/?page_id=5870\"> <span class=\"screen-reader-text\">Flohm\u00e4rkte<\/span> Read More \u00bb<\/a><\/p>\n","protected":false},"author":2,"featured_media":0,"parent":0,"menu_order":0,"comment_status":"closed","ping_status":"closed","template":"","meta":{"site-sidebar-layout":"default","site-content-layout":"page-builder","ast-global-header-display":"","ast-main-header-display":"","ast-hfb-above-header-display":"","ast-hfb-below-header-display":"","ast-hfb-mobile-header-display":"","site-post-title":"disabled","ast-breadcrumbs-content":"","ast-featured-img":"disabled","footer-sml-layout":"","theme-transparent-header-meta":"default","adv-header-id-meta":"","stick-header-meta":"default","header-above-stick-meta":"","header-main-stick-meta":"","header-below-stick-meta":"","ngg_post_thumbnail":0,"footnotes":""},"class_list":["post-5870","page","type-page","status-publish","hentry"],"jetpack_sharing_enabled":true,"_links":{"self":[{"href":"https:\/\/ulmerzelt.de\/index.php?rest_route=\/wp\/v2\/pages\/5870","targetHints":{"allow":["GET"]}}],"collection":[{"href":"https:\/\/ulmerzelt.de\/index.php?rest_route=\/wp\/v2\/pages"}],"about":[{"href":"https:\/\/ulmerzelt.de\/index.php?rest_route=\/wp\/v2\/types\/page"}],"author":[{"embeddable":true,"href":"https:\/\/ulmerzelt.de\/index.php?rest_route=\/wp\/v2\/users\/2"}],"replies":[{"embeddable":true,"href":"https:\/\/ulmerzelt.de\/index.php?rest_route=%2Fwp%2Fv2%2Fcomments&post=5870"}],"version-history":[{"count":5,"href":"https:\/\/ulmerzelt.de\/index.php?rest_route=\/wp\/v2\/pages\/5870\/revisions"}],"predecessor-version":[{"id":35919,"href":"https:\/\/ulmerzelt.de\/index.php?rest_route=\/wp\/v2\/pages\/5870\/revisions\/35919"}],"wp:attachment":[{"href":"https:\/\/ulmerzelt.de\/index.php?rest_route=%2Fwp%2Fv2%2Fmedia&parent=5870"}],"curies":[{"name":"wp","href":"https:\/\/api.w.org\/{rel}","templated":true}]}}