{"id":6691,"date":"2022-05-11T07:43:49","date_gmt":"2022-05-11T05:43:49","guid":{"rendered":"https:\/\/ulmerzelt.de\/?page_id=6691"},"modified":"2025-10-02T14:14:10","modified_gmt":"2025-10-02T12:14:10","slug":"freundeskreis","status":"publish","type":"page","link":"https:\/\/ulmerzelt.de\/?page_id=6691","title":{"rendered":"F\u00f6rderverein"},"content":{"rendered":"<div id=\"pl-6691\"  class=\"panel-layout\" ><div id=\"pg-6691-0\"  class=\"panel-grid panel-has-style\" ><div class=\"siteorigin-panels-stretch panel-row-style panel-row-style-for-6691-0\" data-stretch-type=\"full-width-stretch\" ><div id=\"pgc-6691-0-0\"  class=\"panel-grid-cell\" ><div id=\"panel-6691-0-0-0\" class=\"so-panel widget widget_sow-hero panel-first-child panel-last-child\" data-index=\"0\" ><div\n\t\t\t\n\t\t\tclass=\"so-widget-sow-hero so-widget-sow-hero-default-8863a2a112c3-6691 so-widget-fittext-wrapper\"\n\t\t\t data-fit-text-compressor=\"0.85\"\n\t\t>\t\t\t\t<div class=\"sow-slider-base\" style=\"display: none\" tabindex=\"0\">\n\t\t\t\t\t<ul\n\t\t\t\t\tclass=\"sow-slider-images\"\n\t\t\t\t\tdata-settings=\"{&quot;pagination&quot;:true,&quot;speed&quot;:800,&quot;timeout&quot;:8000,&quot;paused&quot;:false,&quot;pause_on_hover&quot;:false,&quot;swipe&quot;:true,&quot;nav_always_show_desktop&quot;:&quot;&quot;,&quot;nav_always_show_mobile&quot;:&quot;&quot;,&quot;breakpoint&quot;:&quot;780px&quot;,&quot;unmute&quot;:false,&quot;anchor&quot;:null}\"\n\t\t\t\t\tstyle=\"min-height: 715px\"\t\t\t\t\tdata-anchor-id=\"\"\n\t\t\t\t>\t\t<li class=\"sow-slider-image  sow-slider-image-cover\" style=\"visibility: visible;;background-color: #333333\" >\n\t\t\t\t\t<div class=\"sow-slider-image-container\">\n\t\t\t<div class=\"sow-slider-image-wrapper\">\n\t\t\t\t<h1 style=\"text-align: center\">F\u00f6rderverein Freundeskreis Ulmer Zelt e.V.<\/h1>\n\t\t\t<\/div>\n\t\t<\/div>\n\t\t<div class=\"sow-slider-image-overlay sow-slider-image-cover\" style=\"opacity: 0.5;background-image: url(https:\/\/ulmerzelt.de\/wp-content\/uploads\/2023\/06\/Scheckuebergabe-23.jpg)\"  ><\/div>\t\t<\/li>\n\t\t<\/ul>\t\t\t\t<ol class=\"sow-slider-pagination\">\n\t\t\t\t\t\t\t\t\t\t\t<li><a href=\"#\" data-goto=\"0\" aria-label=\"Display slide 1\"><\/a><\/li>\n\t\t\t\t\t\t\t\t\t<\/ol>\n\n\t\t\t\t<div class=\"sow-slide-nav sow-slide-nav-next\">\n\t\t\t\t\t<a href=\"#\" data-goto=\"next\" aria-label=\"Next slide\" data-action=\"next\">\n\t\t\t\t\t\t<em class=\"sow-sld-icon-thin-right\"><\/em>\n\t\t\t\t\t<\/a>\n\t\t\t\t<\/div>\n\n\t\t\t\t<div class=\"sow-slide-nav sow-slide-nav-prev\">\n\t\t\t\t\t<a href=\"#\" data-goto=\"previous\" aria-label=\"Previous slide\" data-action=\"prev\">\n\t\t\t\t\t\t<em class=\"sow-sld-icon-thin-left\"><\/em>\n\t\t\t\t\t<\/a>\n\t\t\t\t<\/div>\n\t\t\t\t<\/div><\/div><\/div><\/div><\/div><\/div><div id=\"pg-6691-1\"  class=\"panel-grid panel-no-style\" ><div id=\"pgc-6691-1-0\"  class=\"panel-grid-cell\" ><div id=\"panel-6691-1-0-0\" class=\"so-panel widget widget_text panel-first-child\" data-index=\"1\" ><div class=\"panel-widget-style panel-widget-style-for-6691-1-0-0\" ><h3 class=\"widget-title\">Sie m\u00f6chten NEUSPENDER werden &#8230;<\/h3>\t\t\t<div class=\"textwidget\"><p><b>&#8230; und das ulmer zelt in Zukunft durch eine Spende unterst\u00fctzen?<\/b><\/p>\n<p>Dann laden Sie sich hier einfach ein <a href=\"https:\/\/intern.ulmerzelt.de\/freunde\/SEPAMandatsformular.pdf\" target=\"new2\"><b>Spendenformular<\/b><\/a> (SEPA-Lastschriftmandat) herunter, das Sie bitte <b>unterschrieben<\/b> an uns zur\u00fcckschicken.<\/p>\n<p>Wenn Sie das SEPA-Lastschriftmandat bis <b>sp\u00e4testens in der ersten M\u00e4rzwoche<\/b> an uns zur\u00fcckschicken, k\u00f6nnen wir auch Ihre Spende noch vor der Spielzeit <b>per Sammellastschrift<\/b> einziehen. Dadurch erhalten Sie immer als erstes Bescheid, wenn Karten in den Vorverkauf gehen oder Kontingente knapp werden!<\/p>\n<p>Wenn Sie spenden m\u00f6chten, ohne Anmeldung, k\u00f6nnen Sie ihre Spende nat\u00fcrlich auch\u00a0gerne auf das Spendenkonto des F\u00f6rdervereins \u00fcberweisen (Kontoverbindung siehe unten).<\/p>\n<\/div>\n\t\t<\/div><\/div><div id=\"panel-6691-1-0-1\" class=\"so-panel widget widget_text panel-last-child\" data-index=\"2\" ><div class=\"panel-widget-style panel-widget-style-for-6691-1-0-1\" ><h3 class=\"widget-title\">Kontodaten<\/h3>\t\t\t<div class=\"textwidget\"><p><b>Das Spendenkonto des F\u00f6rdervereins:<\/b><\/p>\n<p><b>&#8222;Freundeskreis ulmer zelt e.V.&#8220;<br \/>\n<\/b><b>Sparkasse Ulm<br \/>\nIBAN: DE41 6305 0000 0000 0422 02<br \/>\nBIC: SOLADES1ULM<br \/>\n<\/b><b>Verwendungs-Zweck: &#8222;Zeltspende&#8220;<\/b><\/p>\n<p>\u00dcber die \u00dcberweisung einer Spende freuen wir uns nat\u00fcrlich auch immer!<\/p>\n<p><b>Kontakt: <\/b><a href=\"mailto:freundeskreis@ulmerzelt.de\">freundeskreis@ulmerzelt.de<\/a><\/p>\n<\/div>\n\t\t<\/div><\/div><\/div><\/div><\/div>","protected":false},"excerpt":{"rendered":"<p>&#8230; und das ulmer zelt in Zukunft durch eine Spende unterst\u00fctzen? Dann laden Sie sich hier einfach ein Spendenformular (SEPA-Lastschriftmandat) herunter, das Sie bitte unterschrieben an uns zur\u00fcckschicken. Wenn Sie das SEPA-Lastschriftmandat bis sp\u00e4testens in der ersten M\u00e4rzwoche an uns zur\u00fcckschicken, k\u00f6nnen wir auch Ihre Spende noch vor der Spielzeit per Sammellastschrift einziehen. Dadurch erhalten &hellip;<\/p>\n<p class=\"read-more\"> <a class=\"ast-button\" href=\"https:\/\/ulmerzelt.de\/?page_id=6691\"> <span class=\"screen-reader-text\">F\u00f6rderverein<\/span> Read More \u00bb<\/a><\/p>\n","protected":false},"author":2,"featured_media":0,"parent":0,"menu_order":0,"comment_status":"closed","ping_status":"closed","template":"","meta":{"site-sidebar-layout":"default","site-content-layout":"page-builder","ast-global-header-display":"","ast-main-header-display":"","ast-hfb-above-header-display":"","ast-hfb-below-header-display":"","ast-hfb-mobile-header-display":"","site-post-title":"disabled","ast-breadcrumbs-content":"","ast-featured-img":"disabled","footer-sml-layout":"","theme-transparent-header-meta":"default","adv-header-id-meta":"","stick-header-meta":"default","header-above-stick-meta":"","header-main-stick-meta":"","header-below-stick-meta":"","ngg_post_thumbnail":0,"footnotes":""},"class_list":["post-6691","page","type-page","status-publish","hentry"],"jetpack_sharing_enabled":true,"_links":{"self":[{"href":"https:\/\/ulmerzelt.de\/index.php?rest_route=\/wp\/v2\/pages\/6691","targetHints":{"allow":["GET"]}}],"collection":[{"href":"https:\/\/ulmerzelt.de\/index.php?rest_route=\/wp\/v2\/pages"}],"about":[{"href":"https:\/\/ulmerzelt.de\/index.php?rest_route=\/wp\/v2\/types\/page"}],"author":[{"embeddable":true,"href":"https:\/\/ulmerzelt.de\/index.php?rest_route=\/wp\/v2\/users\/2"}],"replies":[{"embeddable":true,"href":"https:\/\/ulmerzelt.de\/index.php?rest_route=%2Fwp%2Fv2%2Fcomments&post=6691"}],"version-history":[{"count":3,"href":"https:\/\/ulmerzelt.de\/index.php?rest_route=\/wp\/v2\/pages\/6691\/revisions"}],"predecessor-version":[{"id":36534,"href":"https:\/\/ulmerzelt.de\/index.php?rest_route=\/wp\/v2\/pages\/6691\/revisions\/36534"}],"wp:attachment":[{"href":"https:\/\/ulmerzelt.de\/index.php?rest_route=%2Fwp%2Fv2%2Fmedia&parent=6691"}],"curies":[{"name":"wp","href":"https:\/\/api.w.org\/{rel}","templated":true}]}}